{"id":8632,"date":"2021-01-28T10:35:10","date_gmt":"2021-01-28T10:35:10","guid":{"rendered":"https:\/\/clientes.space\/michele-bond\/website\/?post_type=product&#038;p=8632"},"modified":"2023-05-06T18:47:36","modified_gmt":"2023-05-06T18:47:36","slug":"receitas-baixa-em-fodmap","status":"publish","type":"product","link":"https:\/\/clientes.space\/michele-bond\/website\/produto\/receitas-baixa-em-fodmap\/","title":{"rendered":"Receitas Baixas em FODMAP"},"content":{"rendered":"<p>O principal objetivo da dieta FODMAP \u00e9 reduzir ou eliminar estes componentes de hidratos de carbono que estejam presentes na sua alimenta\u00e7\u00e3o.<\/p>\n<p>A dieta FODMAP \u00e9 recomendada para pessoas que sofrem de s\u00edndrome do c\u00f3lon irrit\u00e1vel, doen\u00e7a cel\u00edaca, doen\u00e7a de Crohn ou outros dist\u00farbios digestivos.<\/p>\n<p>Ap\u00f3s a compra do livro, ir\u00e1 receb\u00ea-lo na sua inbox.<\/p>\n<p>Precisa de acompanhamento profissional para seguir a dieta FODMAP? <a href=\"https:\/\/clientes.space\/michele-bond\/website\/dieta-fodmap\/\">Marque uma consulta<\/a>, ficaremos felizes em ajudar.<\/p>\n","protected":false},"excerpt":{"rendered":"<p>Receitas FODMAP descomplicadas: criadas pela nossa nutricionista, pratos pr\u00e1ticos e deliciosos, para te acompanhar nesta jornada. Inclui toda a informa\u00e7\u00e3o necess\u00e1ria sobre a dieta: conceito, ferramentas, lista de alimentos e dicas para quando comer fora.<\/p>\n","protected":false},"featured_media":8634,"comment_status":"open","ping_status":"closed","template":"","meta":{"content-type":""},"product_cat":[883,993],"product_tag":[997,995,996,994],"yoast_head":"<!-- This site is optimized with the Yoast SEO plugin v21.7 - https:\/\/yoast.com\/wordpress\/plugins\/seo\/ -->\n<title>E-book Receitas Baixas em FODMAP | Cl\u00ednica Michelle Bond<\/title>\n<meta name=\"description\" content=\"Adquira hoje o nosso livro de Receitas FODMAP descomplicadas: criadas pela nossa nutricionista. Pratos pr\u00e1ticos e deliciosos, para te acompanhar nesta jornada.\" \/>\n<meta name=\"robots\" content=\"index, follow, max-snippet:-1, max-image-preview:large, max-video-preview:-1\" \/>\n<link rel=\"canonical\" href=\"https:\/\/clientes.space\/michele-bond\/website\/produto\/receitas-baixa-em-fodmap\/\" \/>\n<meta property=\"og:locale\" content=\"pt_PT\" \/>\n<meta property=\"og:type\" content=\"article\" \/>\n<meta property=\"og:title\" content=\"E-book Receitas Baixas em FODMAP | Cl\u00ednica Michelle Bond\" \/>\n<meta property=\"og:description\" content=\"Adquira hoje o nosso livro de Receitas FODMAP descomplicadas: criadas pela nossa nutricionista. Pratos pr\u00e1ticos e deliciosos, para te acompanhar nesta jornada.\" \/>\n<meta property=\"og:url\" content=\"https:\/\/clientes.space\/michele-bond\/website\/produto\/receitas-baixa-em-fodmap\/\" \/>\n<meta property=\"og:site_name\" content=\"Michelle Bond Clinic | Lisboa\" \/>\n<meta property=\"article:modified_time\" content=\"2023-05-06T18:47:36+00:00\" \/>\n<meta property=\"og:image\" content=\"https:\/\/clientes.space\/michele-bond\/website\/wp-content\/uploads\/2021\/01\/Ebook-FODMAP--642x1024.png\" \/>\n\t<meta property=\"og:image:width\" content=\"642\" \/>\n\t<meta property=\"og:image:height\" content=\"1024\" \/>\n\t<meta property=\"og:image:type\" content=\"image\/png\" \/>\n<meta name=\"twitter:card\" content=\"summary_large_image\" \/>\n<meta name=\"twitter:label1\" content=\"Tempo estimado de leitura\" \/>\n\t<meta name=\"twitter:data1\" content=\"1 minuto\" \/>\n<script type=\"application\/ld+json\" class=\"yoast-schema-graph\">{\"@context\":\"https:\/\/schema.org\",\"@graph\":[{\"@type\":\"WebPage\",\"@id\":\"https:\/\/clientes.space\/michele-bond\/website\/produto\/receitas-baixa-em-fodmap\/\",\"url\":\"https:\/\/clientes.space\/michele-bond\/website\/produto\/receitas-baixa-em-fodmap\/\",\"name\":\"E-book Receitas Baixas em FODMAP | Cl\u00ednica Michelle Bond\",\"isPartOf\":{\"@id\":\"https:\/\/clientes.space\/michele-bond\/website\/#website\"},\"datePublished\":\"2021-01-28T10:35:10+00:00\",\"dateModified\":\"2023-05-06T18:47:36+00:00\",\"description\":\"Adquira hoje o nosso livro de Receitas FODMAP descomplicadas: criadas pela nossa nutricionista. Pratos pr\u00e1ticos e deliciosos, para te acompanhar nesta jornada.\",\"breadcrumb\":{\"@id\":\"https:\/\/clientes.space\/michele-bond\/website\/produto\/receitas-baixa-em-fodmap\/#breadcrumb\"},\"inLanguage\":\"pt-PT\",\"potentialAction\":[{\"@type\":\"ReadAction\",\"target\":[\"https:\/\/clientes.space\/michele-bond\/website\/produto\/receitas-baixa-em-fodmap\/\"]}]},{\"@type\":\"BreadcrumbList\",\"@id\":\"https:\/\/clientes.space\/michele-bond\/website\/produto\/receitas-baixa-em-fodmap\/#breadcrumb\",\"itemListElement\":[{\"@type\":\"ListItem\",\"position\":1,\"name\":\"In\u00edcio\",\"item\":\"https:\/\/clientes.space\/michele-bond\/website\/\"},{\"@type\":\"ListItem\",\"position\":2,\"name\":\"Loja\",\"item\":\"https:\/\/clientes.space\/michele-bond\/website\/loja-todos\/\"},{\"@type\":\"ListItem\",\"position\":3,\"name\":\"Receitas Baixas em FODMAP\"}]},{\"@type\":\"WebSite\",\"@id\":\"https:\/\/clientes.space\/michele-bond\/website\/#website\",\"url\":\"https:\/\/clientes.space\/michele-bond\/website\/\",\"name\":\"Michelle Bond - Holistic Health &amp; Beauty\",\"description\":\"Medicina Est\u00e9tica, Naturopatia, Nutri\u00e7\u00e3o e Fisioterapia\",\"potentialAction\":[{\"@type\":\"SearchAction\",\"target\":{\"@type\":\"EntryPoint\",\"urlTemplate\":\"https:\/\/clientes.space\/michele-bond\/website\/?s={search_term_string}\"},\"query-input\":\"required name=search_term_string\"}],\"inLanguage\":\"pt-PT\"}]}<\/script>\n<!-- \/ Yoast SEO plugin. -->","yoast_head_json":{"title":"E-book Receitas Baixas em FODMAP | Cl\u00ednica Michelle Bond","description":"Adquira hoje o nosso livro de Receitas FODMAP descomplicadas: criadas pela nossa nutricionista. Pratos pr\u00e1ticos e deliciosos, para te acompanhar nesta jornada.","robots":{"index":"index","follow":"follow","max-snippet":"max-snippet:-1","max-image-preview":"max-image-preview:large","max-video-preview":"max-video-preview:-1"},"canonical":"https:\/\/clientes.space\/michele-bond\/website\/produto\/receitas-baixa-em-fodmap\/","og_locale":"pt_PT","og_type":"article","og_title":"E-book Receitas Baixas em FODMAP | Cl\u00ednica Michelle Bond","og_description":"Adquira hoje o nosso livro de Receitas FODMAP descomplicadas: criadas pela nossa nutricionista. Pratos pr\u00e1ticos e deliciosos, para te acompanhar nesta jornada.","og_url":"https:\/\/clientes.space\/michele-bond\/website\/produto\/receitas-baixa-em-fodmap\/","og_site_name":"Michelle Bond Clinic | Lisboa","article_modified_time":"2023-05-06T18:47:36+00:00","og_image":[{"width":642,"height":1024,"url":"https:\/\/clientes.space\/michele-bond\/website\/wp-content\/uploads\/2021\/01\/Ebook-FODMAP--642x1024.png","type":"image\/png"}],"twitter_card":"summary_large_image","twitter_misc":{"Tempo estimado de leitura":"1 minuto"},"schema":{"@context":"https:\/\/schema.org","@graph":[{"@type":"WebPage","@id":"https:\/\/clientes.space\/michele-bond\/website\/produto\/receitas-baixa-em-fodmap\/","url":"https:\/\/clientes.space\/michele-bond\/website\/produto\/receitas-baixa-em-fodmap\/","name":"E-book Receitas Baixas em FODMAP | Cl\u00ednica Michelle Bond","isPartOf":{"@id":"https:\/\/clientes.space\/michele-bond\/website\/#website"},"datePublished":"2021-01-28T10:35:10+00:00","dateModified":"2023-05-06T18:47:36+00:00","description":"Adquira hoje o nosso livro de Receitas FODMAP descomplicadas: criadas pela nossa nutricionista. Pratos pr\u00e1ticos e deliciosos, para te acompanhar nesta jornada.","breadcrumb":{"@id":"https:\/\/clientes.space\/michele-bond\/website\/produto\/receitas-baixa-em-fodmap\/#breadcrumb"},"inLanguage":"pt-PT","potentialAction":[{"@type":"ReadAction","target":["https:\/\/clientes.space\/michele-bond\/website\/produto\/receitas-baixa-em-fodmap\/"]}]},{"@type":"BreadcrumbList","@id":"https:\/\/clientes.space\/michele-bond\/website\/produto\/receitas-baixa-em-fodmap\/#breadcrumb","itemListElement":[{"@type":"ListItem","position":1,"name":"In\u00edcio","item":"https:\/\/clientes.space\/michele-bond\/website\/"},{"@type":"ListItem","position":2,"name":"Loja","item":"https:\/\/clientes.space\/michele-bond\/website\/loja-todos\/"},{"@type":"ListItem","position":3,"name":"Receitas Baixas em FODMAP"}]},{"@type":"WebSite","@id":"https:\/\/clientes.space\/michele-bond\/website\/#website","url":"https:\/\/clientes.space\/michele-bond\/website\/","name":"Michelle Bond - Holistic Health &amp; Beauty","description":"Medicina Est\u00e9tica, Naturopatia, Nutri\u00e7\u00e3o e Fisioterapia","potentialAction":[{"@type":"SearchAction","target":{"@type":"EntryPoint","urlTemplate":"https:\/\/clientes.space\/michele-bond\/website\/?s={search_term_string}"},"query-input":"required name=search_term_string"}],"inLanguage":"pt-PT"}]}},"_links":{"self":[{"href":"https:\/\/clientes.space\/michele-bond\/website\/wp-json\/wp\/v2\/product\/8632"}],"collection":[{"href":"https:\/\/clientes.space\/michele-bond\/website\/wp-json\/wp\/v2\/product"}],"about":[{"href":"https:\/\/clientes.space\/michele-bond\/website\/wp-json\/wp\/v2\/types\/product"}],"replies":[{"embeddable":true,"href":"https:\/\/clientes.space\/michele-bond\/website\/wp-json\/wp\/v2\/comments?post=8632"}],"wp:featuredmedia":[{"embeddable":true,"href":"https:\/\/clientes.space\/michele-bond\/website\/wp-json\/wp\/v2\/media\/8634"}],"wp:attachment":[{"href":"https:\/\/clientes.space\/michele-bond\/website\/wp-json\/wp\/v2\/media?parent=8632"}],"wp:term":[{"taxonomy":"product_cat","embeddable":true,"href":"https:\/\/clientes.space\/michele-bond\/website\/wp-json\/wp\/v2\/product_cat?post=8632"},{"taxonomy":"product_tag","embeddable":true,"href":"https:\/\/clientes.space\/michele-bond\/website\/wp-json\/wp\/v2\/product_tag?post=8632"}],"curies":[{"name":"wp","href":"https:\/\/api.w.org\/{rel}","templated":true}]}}