{"id":8695,"date":"2021-01-29T17:05:29","date_gmt":"2021-01-29T17:05:29","guid":{"rendered":"https:\/\/clientes.space\/michele-bond\/website\/?post_type=product&#038;p=8695"},"modified":"2023-11-13T16:50:33","modified_gmt":"2023-11-13T16:50:33","slug":"mesoestetic-mesoprotech-melan-130-pigment-control","status":"publish","type":"product","link":"https:\/\/clientes.space\/michele-bond\/website\/produto\/mesoestetic-mesoprotech-melan-130-pigment-control\/","title":{"rendered":"Mesoprotech Melan 130+ Pigment Control 50ml"},"content":{"rendered":"<p>Um ativo despigmentante ajuda a regular a s\u00edntese de melanina refor\u00e7ando a a\u00e7\u00e3o preventiva antimanchas. Textura com cor que confere um tom natural e atenua as imperfei\u00e7\u00f5es, uniformizando o tom.<\/p>\n<p>Peles com imperfei\u00e7\u00f5es pigmentares. Prote\u00e7\u00e3o solar muito alta com cor UVB 131 e UVA 67.<\/p>\n<p><strong>Quantidade:<\/strong><\/p>\n<p>50ml<\/p>\n<p><strong>Ingredientes:<\/strong><\/p>\n<p>Aqua, adipato de dibutilo, Octocrileno, ciclopentasiloxano, homosalato, Bis-Ethylhexyloxyphenol metoxifenil triazina, \u00e1lcool, butil metoxidibenzoilmetano, di\u00f3xido de tit\u00e2nio, Metileno bis-Benzotriazoyl Tetramethylbutylphenpl, cyclohexasiloxane, PEG-30 dipolihidroxiestearato, polissilicone-15, estireno \/ acrilatos, PEG-10 dimeticona, sica, Bis-etilhexil Hydroxydimethoxy benzilmalonato, poliamida-5, pot\u00e1ssio Azeloyl diglicinato, jojoba \u00c9steres, laurato de hexilo, \u00f3leo Helianthus annuus semente, dimeticona, etilhexilglicerina, ac\u00e1cia-negra da flor de cera, de poliglicerina-3, poliamida-3, cet\u00edlico PEG \/ PPG -10\/1 Dimeticona, Poligliceril-4 Isoestearato, Cloreto de S\u00f3dio, VP \/ Copol\u00edmero Hexadeceno, Decil, Glucos\u00eddeo, Disteardim\u00f4nio Hectorita, EDTA diss\u00f3dico, PEG-12 \u00c9ter Al\u00edlico, Lecitina Hidrogenada, Propileno Glicol, Goma Xantana,Pentearitritil Tetra-di-t-butil Hidroxi-hidrocinamato, Fenoxietanol, Parfum, CI 77492, CI77491, CI 77499.<\/p>\n<p><strong>Modo de usar:<\/strong><\/p>\n<p>Aplicar em quantidade suficiente\u00a0(2 mg\/cm2 de pele) meia hora antes da exposi\u00e7\u00e3o, sobre a pele limpa e seca.<\/p>\n<p>Reaplicar a cada 2 horas em caso de exposi\u00e7\u00e3o solar diretae especialmente ap\u00f3s secar com uma toalha, ap\u00f3s o banho ou em caso de suda\u00e7\u00e3o.<\/p>\n<p>A reaplica\u00e7\u00e3o \u00e9 imprescind\u00edvel para manter o n\u00edvel de prote\u00e7\u00e3o e a efic\u00e1cia do tratamento.<\/p>\n<p>Em caso de exposi\u00e7\u00e3o solar direta, usar \u00f3culos e chap\u00e9u protetor e evitar as horas centrais do dia, de maior intensidade (11h &#8211; 16h). Uso t\u00f3pico.<\/p>\n<p><strong>Advert\u00eancias:<\/strong><\/p>\n<p>Evitar o contacto direto com os olhos e as mucosas. Se isso acontecer, lavar com \u00e1gua em abund\u00e2ncia. N\u00e3o aplicar sobre feridas e\/ou no caso de sensibiliza\u00e7\u00e3o cut\u00e2nea intensa.<\/p>\n<p>Manter fora do alcance das crian\u00e7as.<\/p>\n<p>Conservar em lugar fresco e seco.<\/p>\n","protected":false},"excerpt":{"rendered":"<p>A\u00a0sua textura ultrafluida cont\u00e9m pigmentos para evitar res\u00edduo branco, minimizar imperfei\u00e7\u00f5es e fornecer um tom natural e leve, n\u00e3o equipar\u00e1vel ao de uma base de maquilhagem. Previne as manchas ao regular a enzima tirosinase, respons\u00e1vel pela produ\u00e7\u00e3o de melanina.<\/p>\n","protected":false},"featured_media":8696,"comment_status":"open","ping_status":"closed","template":"","meta":{"content-type":""},"product_cat":[946,949,882,679,686,712],"product_tag":[],"yoast_head":"<!-- This site is optimized with the Yoast SEO plugin v21.7 - https:\/\/yoast.com\/wordpress\/plugins\/seo\/ -->\n<title>Mesoprotech Melan 130+ Pigment Control 50ml Mesoestetic - Loja Online Michelle Bond | Lisboa<\/title>\n<meta name=\"description\" content=\"Mesoprotech Melan 130 Pigment Control Mesoestetic previne as manchas ao regular a enzima tirosinase, respons\u00e1vel pela produ\u00e7\u00e3o de melanina. Prote\u00e7\u00e3o solar muito alta com cor UVB 131 e UVA 67.\u00a0\" \/>\n<meta name=\"robots\" content=\"index, follow, max-snippet:-1, max-image-preview:large, max-video-preview:-1\" \/>\n<link rel=\"canonical\" href=\"https:\/\/clientes.space\/michele-bond\/website\/produto\/mesoestetic-mesoprotech-melan-130-pigment-control\/\" \/>\n<meta property=\"og:locale\" content=\"pt_PT\" \/>\n<meta property=\"og:type\" content=\"article\" \/>\n<meta property=\"og:title\" content=\"Mesoprotech Melan 130+ Pigment Control 50ml Mesoestetic - Loja Online Michelle Bond | Lisboa\" \/>\n<meta property=\"og:description\" content=\"Mesoprotech Melan 130 Pigment Control Mesoestetic previne as manchas ao regular a enzima tirosinase, respons\u00e1vel pela produ\u00e7\u00e3o de melanina. Prote\u00e7\u00e3o solar muito alta com cor UVB 131 e UVA 67.\u00a0\" \/>\n<meta property=\"og:url\" content=\"https:\/\/clientes.space\/michele-bond\/website\/produto\/mesoestetic-mesoprotech-melan-130-pigment-control\/\" \/>\n<meta property=\"og:site_name\" content=\"Michelle Bond Clinic | Lisboa\" \/>\n<meta property=\"article:modified_time\" content=\"2023-11-13T16:50:33+00:00\" \/>\n<meta property=\"og:image\" content=\"https:\/\/clientes.space\/michele-bond\/website\/wp-content\/uploads\/2021\/01\/protector-130.jpg\" \/>\n\t<meta property=\"og:image:width\" content=\"800\" \/>\n\t<meta property=\"og:image:height\" content=\"800\" \/>\n\t<meta property=\"og:image:type\" content=\"image\/jpeg\" \/>\n<meta name=\"twitter:card\" content=\"summary_large_image\" \/>\n<meta name=\"twitter:label1\" content=\"Tempo estimado de leitura\" \/>\n\t<meta name=\"twitter:data1\" content=\"2 minutos\" \/>\n<script type=\"application\/ld+json\" class=\"yoast-schema-graph\">{\"@context\":\"https:\/\/schema.org\",\"@graph\":[{\"@type\":\"WebPage\",\"@id\":\"https:\/\/clientes.space\/michele-bond\/website\/produto\/mesoestetic-mesoprotech-melan-130-pigment-control\/\",\"url\":\"https:\/\/clientes.space\/michele-bond\/website\/produto\/mesoestetic-mesoprotech-melan-130-pigment-control\/\",\"name\":\"Mesoprotech Melan 130+ Pigment Control 50ml Mesoestetic - Loja Online Michelle Bond | Lisboa\",\"isPartOf\":{\"@id\":\"https:\/\/clientes.space\/michele-bond\/website\/#website\"},\"datePublished\":\"2021-01-29T17:05:29+00:00\",\"dateModified\":\"2023-11-13T16:50:33+00:00\",\"description\":\"Mesoprotech Melan 130 Pigment Control Mesoestetic previne as manchas ao regular a enzima tirosinase, respons\u00e1vel pela produ\u00e7\u00e3o de melanina. Prote\u00e7\u00e3o solar muito alta com cor UVB 131 e UVA 67.\u00a0\",\"breadcrumb\":{\"@id\":\"https:\/\/clientes.space\/michele-bond\/website\/produto\/mesoestetic-mesoprotech-melan-130-pigment-control\/#breadcrumb\"},\"inLanguage\":\"pt-PT\",\"potentialAction\":[{\"@type\":\"ReadAction\",\"target\":[\"https:\/\/clientes.space\/michele-bond\/website\/produto\/mesoestetic-mesoprotech-melan-130-pigment-control\/\"]}]},{\"@type\":\"BreadcrumbList\",\"@id\":\"https:\/\/clientes.space\/michele-bond\/website\/produto\/mesoestetic-mesoprotech-melan-130-pigment-control\/#breadcrumb\",\"itemListElement\":[{\"@type\":\"ListItem\",\"position\":1,\"name\":\"In\u00edcio\",\"item\":\"https:\/\/clientes.space\/michele-bond\/website\/\"},{\"@type\":\"ListItem\",\"position\":2,\"name\":\"Loja\",\"item\":\"https:\/\/clientes.space\/michele-bond\/website\/loja-todos\/\"},{\"@type\":\"ListItem\",\"position\":3,\"name\":\"Mesoprotech Melan 130+ Pigment Control 50ml\"}]},{\"@type\":\"WebSite\",\"@id\":\"https:\/\/clientes.space\/michele-bond\/website\/#website\",\"url\":\"https:\/\/clientes.space\/michele-bond\/website\/\",\"name\":\"Michelle Bond - Holistic Health &amp; Beauty\",\"description\":\"Medicina Est\u00e9tica, Naturopatia, Nutri\u00e7\u00e3o e Fisioterapia\",\"potentialAction\":[{\"@type\":\"SearchAction\",\"target\":{\"@type\":\"EntryPoint\",\"urlTemplate\":\"https:\/\/clientes.space\/michele-bond\/website\/?s={search_term_string}\"},\"query-input\":\"required name=search_term_string\"}],\"inLanguage\":\"pt-PT\"}]}<\/script>\n<!-- \/ Yoast SEO plugin. -->","yoast_head_json":{"title":"Mesoprotech Melan 130+ Pigment Control 50ml Mesoestetic - Loja Online Michelle Bond | Lisboa","description":"Mesoprotech Melan 130 Pigment Control Mesoestetic previne as manchas ao regular a enzima tirosinase, respons\u00e1vel pela produ\u00e7\u00e3o de melanina. Prote\u00e7\u00e3o solar muito alta com cor UVB 131 e UVA 67.\u00a0","robots":{"index":"index","follow":"follow","max-snippet":"max-snippet:-1","max-image-preview":"max-image-preview:large","max-video-preview":"max-video-preview:-1"},"canonical":"https:\/\/clientes.space\/michele-bond\/website\/produto\/mesoestetic-mesoprotech-melan-130-pigment-control\/","og_locale":"pt_PT","og_type":"article","og_title":"Mesoprotech Melan 130+ Pigment Control 50ml Mesoestetic - Loja Online Michelle Bond | Lisboa","og_description":"Mesoprotech Melan 130 Pigment Control Mesoestetic previne as manchas ao regular a enzima tirosinase, respons\u00e1vel pela produ\u00e7\u00e3o de melanina. Prote\u00e7\u00e3o solar muito alta com cor UVB 131 e UVA 67.\u00a0","og_url":"https:\/\/clientes.space\/michele-bond\/website\/produto\/mesoestetic-mesoprotech-melan-130-pigment-control\/","og_site_name":"Michelle Bond Clinic | Lisboa","article_modified_time":"2023-11-13T16:50:33+00:00","og_image":[{"width":800,"height":800,"url":"https:\/\/clientes.space\/michele-bond\/website\/wp-content\/uploads\/2021\/01\/protector-130.jpg","type":"image\/jpeg"}],"twitter_card":"summary_large_image","twitter_misc":{"Tempo estimado de leitura":"2 minutos"},"schema":{"@context":"https:\/\/schema.org","@graph":[{"@type":"WebPage","@id":"https:\/\/clientes.space\/michele-bond\/website\/produto\/mesoestetic-mesoprotech-melan-130-pigment-control\/","url":"https:\/\/clientes.space\/michele-bond\/website\/produto\/mesoestetic-mesoprotech-melan-130-pigment-control\/","name":"Mesoprotech Melan 130+ Pigment Control 50ml Mesoestetic - Loja Online Michelle Bond | Lisboa","isPartOf":{"@id":"https:\/\/clientes.space\/michele-bond\/website\/#website"},"datePublished":"2021-01-29T17:05:29+00:00","dateModified":"2023-11-13T16:50:33+00:00","description":"Mesoprotech Melan 130 Pigment Control Mesoestetic previne as manchas ao regular a enzima tirosinase, respons\u00e1vel pela produ\u00e7\u00e3o de melanina. Prote\u00e7\u00e3o solar muito alta com cor UVB 131 e UVA 67.\u00a0","breadcrumb":{"@id":"https:\/\/clientes.space\/michele-bond\/website\/produto\/mesoestetic-mesoprotech-melan-130-pigment-control\/#breadcrumb"},"inLanguage":"pt-PT","potentialAction":[{"@type":"ReadAction","target":["https:\/\/clientes.space\/michele-bond\/website\/produto\/mesoestetic-mesoprotech-melan-130-pigment-control\/"]}]},{"@type":"BreadcrumbList","@id":"https:\/\/clientes.space\/michele-bond\/website\/produto\/mesoestetic-mesoprotech-melan-130-pigment-control\/#breadcrumb","itemListElement":[{"@type":"ListItem","position":1,"name":"In\u00edcio","item":"https:\/\/clientes.space\/michele-bond\/website\/"},{"@type":"ListItem","position":2,"name":"Loja","item":"https:\/\/clientes.space\/michele-bond\/website\/loja-todos\/"},{"@type":"ListItem","position":3,"name":"Mesoprotech Melan 130+ Pigment Control 50ml"}]},{"@type":"WebSite","@id":"https:\/\/clientes.space\/michele-bond\/website\/#website","url":"https:\/\/clientes.space\/michele-bond\/website\/","name":"Michelle Bond - Holistic Health &amp; Beauty","description":"Medicina Est\u00e9tica, Naturopatia, Nutri\u00e7\u00e3o e Fisioterapia","potentialAction":[{"@type":"SearchAction","target":{"@type":"EntryPoint","urlTemplate":"https:\/\/clientes.space\/michele-bond\/website\/?s={search_term_string}"},"query-input":"required name=search_term_string"}],"inLanguage":"pt-PT"}]}},"_links":{"self":[{"href":"https:\/\/clientes.space\/michele-bond\/website\/wp-json\/wp\/v2\/product\/8695"}],"collection":[{"href":"https:\/\/clientes.space\/michele-bond\/website\/wp-json\/wp\/v2\/product"}],"about":[{"href":"https:\/\/clientes.space\/michele-bond\/website\/wp-json\/wp\/v2\/types\/product"}],"replies":[{"embeddable":true,"href":"https:\/\/clientes.space\/michele-bond\/website\/wp-json\/wp\/v2\/comments?post=8695"}],"wp:featuredmedia":[{"embeddable":true,"href":"https:\/\/clientes.space\/michele-bond\/website\/wp-json\/wp\/v2\/media\/8696"}],"wp:attachment":[{"href":"https:\/\/clientes.space\/michele-bond\/website\/wp-json\/wp\/v2\/media?parent=8695"}],"wp:term":[{"taxonomy":"product_cat","embeddable":true,"href":"https:\/\/clientes.space\/michele-bond\/website\/wp-json\/wp\/v2\/product_cat?post=8695"},{"taxonomy":"product_tag","embeddable":true,"href":"https:\/\/clientes.space\/michele-bond\/website\/wp-json\/wp\/v2\/product_tag?post=8695"}],"curies":[{"name":"wp","href":"https:\/\/api.w.org\/{rel}","templated":true}]}}