{"id":8719,"date":"2021-02-01T12:13:57","date_gmt":"2021-02-01T12:13:57","guid":{"rendered":"https:\/\/clientes.space\/michele-bond\/website\/?post_type=product&#038;p=8719"},"modified":"2023-09-18T15:06:54","modified_gmt":"2023-09-18T15:06:54","slug":"home-pack-cosmelan","status":"publish","type":"product","link":"https:\/\/clientes.space\/michele-bond\/website\/produto\/home-pack-cosmelan\/","title":{"rendered":"Home Pack Cosmelan"},"content":{"rendered":"<p>Mesoestetic Cosmelan Home Pack\u00a0combina os 3 produtos essenciais para tratar as manchas hiperpigmentadas. Inclu\u00ed portanto:<\/p>\n<ol>\n<li>1 Cosmelan 2 creme,<\/li>\n<li>1 Melan Recovery ,<\/li>\n<li>1 protetor solar Melan 130\u00ba Pigment Control.<\/li>\n<\/ol>\n<ol>\n<li><span style=\"color: #000000;\"><a style=\"color: #000000;\" href=\"https:\/\/lyskin.com\/shop\/mesoestetic-cosmelan-2-depigmenting-treatment-30g\/\"><strong>1) Cosmelan 2 Creme 30g.<\/strong><\/a><\/span><br \/>\n<span style=\"color: #000000;\">O Cosmelan 2 \u00e9 um creme despigmentante intensivo, indicado para a corre\u00e7\u00e3o das manchas hiperpigmentadas e regula\u00e7\u00e3o da produ\u00e7\u00e3o de melanina. Est\u00e1 adequado a todos os fototipos de pele e, al\u00e9m disso, apresenta uma elevada efic\u00e1cia no tratamento de v\u00e1rios tipos de pigmenta\u00e7\u00e3o como o melasma, cloasma, manchas de idade ou senis, lentigos, induzidas por anticonceptivos orais, ou p\u00f3s-inflamat\u00f3rias.<\/span><\/li>\n<li><span style=\"color: #000000;\"><a style=\"color: #000000;\" href=\"https:\/\/lyskin.com\/shop\/mesoestetic-melan-recovery-soothing-and-restoring-balm-50ml\/\"><strong>2) Melan Recovery 50ml.<\/strong><\/a><\/span><br \/>\n<span style=\"color: #000000;\">\u00c9 um b\u00e1lsamo calmante que reduz a sensibilidade em peles sujeitas a tratamentos m\u00e9dico-est\u00e9ticos intensivos. Este b\u00e1lsamo est\u00e1 recomendado para suavizar e confortar a pele ap\u00f3s tratamentos como o Cosmelan Pack e Cosmelan 2. \u00c9, por isso, um tratamento altamente calmante, que proporciona uma sensa\u00e7\u00e3o de al\u00edvio imediato da pele. \u00c9, ent\u00e3o, imprescind\u00edvel no tratamento despigmentante.<\/span><\/li>\n<li><span style=\"color: #000000;\"><a style=\"color: #000000;\" href=\"https:\/\/pt.lyskin.com\/shop\/mesoestetic-melan-130-pigment-control-spf50-tinted-sun-protection-for-dark-spots-50ml\/\"><strong>3) Melan 130 Pigment Control.<\/strong><\/a><\/span><br \/>\n<span style=\"color: #000000;\">\u00c9 um protetor solar, de textura leve, com cor, que protege a pele da contra a radia\u00e7\u00e3o UVA, UVB, IV e Luz Vis\u00edvel (HEV). Desenvolvido com uma combina\u00e7\u00e3o exclusiva de filtros f\u00edsicos e qu\u00edmicos proporciona uma prote\u00e7\u00e3o de 131 UVB e 67 UVA. Para al\u00e9m disso, o Melan 130 oferece ainda prote\u00e7\u00e3o biol\u00f3gica que permite neutralizar os radicais livre. Inclusivamente os radicais livres que s\u00e3o produzidos pela radia\u00e7\u00e3o infravermelha (IV) e pela luz vis\u00edvel (HEV). Mas o ingrediente ativo que torna esta formula\u00e7\u00e3o muito particular \u00e9 o ativo despigmentante. Assim, este protetor solar ajuda a regular o processo de forma\u00e7\u00e3o de melanina desencadeado pelo Sol. \u00c9 ideal por isso para peles com tend\u00eancia \u00e0 forma\u00e7\u00e3o de manchas!<\/span><\/li>\n<\/ol>\n<p>Este pack foi elaborado pelos laborat\u00f3rios Mesoestetic, para facilitar o tratamento domiciliar despigmentante. Est\u00e1, por isso, particularmente indicado para pacientes que executaram o Cosmelan Pack Intensivo em gabinete.<\/p>\n<p><strong>Quantidade:<\/strong><\/p>\n<ol>\n<li>1 Cosmelan 2 creme de 30g,<\/li>\n<li>1 Melan Recovery 50ml,<\/li>\n<li>1 Protetor Solar Melan 130\u00ba Pigment Control 50ml.<\/li>\n<\/ol>\n<p><strong>Ingredientes:<\/strong><\/p>\n<p>Cosmelan 2<\/p>\n<p><span data-sheets-value=\"{&quot;1&quot;:2,&quot;2&quot;:&quot;Aqua, Di\u00f3xido de Tit\u00e2nio, Metoxicinamato de Octilo, \u00c1lcool Cetear\u00edlico, Lauril Sulfato de S\u00f3dio, Cetearil Sulfato de S\u00f3dio, Paraffinum Liquidum, \u00c1cido K\u00f3jico, Butil Metoxidibenzoilmetano, \u00c1cido F\u00edtico, \u00c1cido Asc\u00f3rbico, Lauril Sulfato de S\u00f3dio, Paraffinum Liquidum, \u00c1cido K\u00f3jico, Butil Metoxidibenzoilmetano, \u00c1cido F\u00edtico, \u00c1cido Asc\u00f3rbico, Retinil Palmitato, Metotiazolino, Cetearetiazolino-12, Paracolinato de metila, Paracolinato de s\u00f3dio &quot;}\" data-sheets-userformat=\"{&quot;2&quot;:897,&quot;3&quot;:{&quot;1&quot;:0},&quot;10&quot;:0,&quot;11&quot;:4,&quot;12&quot;:0}\">Aqua, Di\u00f3xido de Tit\u00e2nio, Metoxicinamato de Octilo, \u00c1lcool Cetear\u00edlico, Lauril Sulfato de S\u00f3dio, Cetearil Sulfato de S\u00f3dio, Paraffinum Liquidum, \u00c1cido K\u00f3jico, Butil Metoxidibenzoilmetano, \u00c1cido F\u00edtico, \u00c1cido Asc\u00f3rbico, Lauril Sulfato de S\u00f3dio, Paraffinum Liquidum, \u00c1cido K\u00f3jico, Butil Metoxidibenzoilmetano, \u00c1cido F\u00edtico, \u00c1cido Asc\u00f3rbico, Retinil Palmitato, Metotiazolino, Cetearetiazolino-12, Paracolinato de metila, Paracolinato de s\u00f3dio.<\/span><\/p>\n<p>Melan Recovery<\/p>\n<p><span class=\"\" role=\"listitem\">Aqua \/ \u00c1gua,\u00a0<\/span><span class=\"\" role=\"listitem\">Manteiga de butyrospermum parkii (karit\u00e9)<\/span><span class=\"\" role=\"listitem\">\u00a0,\u00a0<\/span><span class=\"\" role=\"listitem\">Butileno Glicol,\u00a0<\/span><span class=\"\" role=\"listitem\">Estearato de tridecila,\u00a0<\/span><span class=\"\" role=\"listitem\">Salicilato de Isodecila,\u00a0<\/span><span class=\"\" role=\"listitem\">PEG-30 Dipoli-hidroxiestearato,\u00a0<\/span><span class=\"\" role=\"listitem\">Tridecil Trimelitato,\u00a0<\/span><span class=\"\" role=\"listitem\">Persea Gratissima (abacate) Oil,\u00a0<\/span><span class=\"\" role=\"listitem\">Estearato de isocetil estearoil,\u00a0<\/span><span class=\"showmore-mobile\" role=\"listitem\">Propilenoglicol,\u00a0<\/span><span class=\"showmore-mobile\" role=\"listitem\">Dipentaeritritil Hexacaprilato \/ Hexacaprato,\u00a0<\/span><span class=\"showmore-mobile\" role=\"listitem\">Sesquioleato de sorbitano,\u00a0<\/span><span class=\"showmore-mobile\" role=\"listitem\">Sulfato de Magn\u00e9sio,\u00a0<\/span><span class=\"showmore-mobile\" role=\"listitem\">Fenoxietanol,\u00a0<\/span><span class=\"showmore-mobile\" role=\"listitem\">\u00d3leo de r\u00edcino hidrogenado,\u00a0<\/span><span class=\"showmore-mobile\" role=\"listitem\">S\u00f3dio PCA,\u00a0<\/span><span class=\"showmore-mobile\" role=\"listitem\">Ozokerite,\u00a0<\/span><span class=\"showmore-mobile\" role=\"listitem\">Metilparabeno,\u00a0<\/span><span class=\"showmore-mobile\" role=\"listitem\">Acetato de tocoferol,\u00a0<\/span><span class=\"showmore-mobile\" role=\"listitem\">Palmitato de isopropila,\u00a0<\/span><span class=\"showmore-mobile\" role=\"listitem\">EDTA diss\u00f3dico,\u00a0<\/span><span class=\"showmore-mobile\" role=\"listitem\">Cobre Pca,\u00a0<\/span><span class=\"showmore-mobile\" role=\"listitem\">Butilparabeno,\u00a0<\/span><span class=\"showmore-mobile\" role=\"listitem\">Etilparabeno,\u00a0<\/span><span class=\"showmore-mobile\" role=\"listitem\">Propilparabeno,\u00a0<\/span><span class=\"showmore-mobile\" role=\"listitem\">\u00d3leo de semente de Helianthus annuus (girassol),\u00a0<\/span><span class=\"showmore-mobile\" role=\"listitem\">CI 75130 \/ beta-caroteno\u00a0,\u00a0<\/span><span class=\"showmore-mobile\" role=\"listitem\">tocoferol,\u00a0<\/span><span class=\"showmore-mobile\" role=\"listitem\">\u00c1cido c\u00edtrico.<\/span><\/p>\n<p>Protetor Solar Melan 130\u00ba Pigment Control<\/p>\n<p>Aqua, adipato de dibutilo, Octocrileno, ciclopentasiloxano, homosalato, Bis-Ethylhexyloxyphenol metoxifenil triazina, \u00e1lcool, butil metoxidibenzoilmetano, di\u00f3xido de tit\u00e2nio, Metileno bis-Benzotriazoyl Tetramethylbutylphenpl, cyclohexasiloxane, PEG-30 dipolihidroxiestearato, polissilicone-15, estireno \/ acrilatos, PEG-10 dimeticona, sica, Bis-etilhexil Hydroxydimethoxy benzilmalonato, poliamida-5, pot\u00e1ssio Azeloyl diglicinato, jojoba \u00c9steres, laurato de hexilo, \u00f3leo Helianthus annuus semente, dimeticona, etilhexilglicerina, ac\u00e1cia-negra da flor de cera, de poliglicerina-3, poliamida-3, cet\u00edlico PEG \/ PPG -10\/1 Dimeticona, Poligliceril-4 Isoestearato, Cloreto de S\u00f3dio, VP \/ Copol\u00edmero Hexadeceno, Decil, Glucos\u00eddeo, Disteardim\u00f4nio Hectorita, EDTA diss\u00f3dico, PEG-12 \u00c9ter Al\u00edlico, Lecitina Hidrogenada, Propileno Glicol, Goma Xantana,Pentearitritil Tetra-di-t-butil Hidroxi-hidrocinamato, Fenoxietanol, Parfum, CI 77492, CI77491, CI 77499.<\/p>\n<p><strong>Modo de usar:<\/strong><\/p>\n<ul>\n<li>Passo 1: Comece por limpar a pele do rosto e pesco\u00e7o com o Hydra Milk.<br \/>\nUm leite de limpeza calmante, adequado para todos os tipos de pele. Pode utiliz\u00e1-lo com a ajuda de um disco de algod\u00e3o ou diretamente com as pontas dos dedos, exercendo movimentos circulares.<\/li>\n<li>Passo 2: Tonifique a pele do rosto com o\u00a0Hydra Tonic.<br \/>\nEste passo \u00e9 essencial para equilibrar o pH da pele, permitindo assim uma melhor aceita\u00e7\u00e3o dos produtos que se aplicam de seguida.<\/li>\n<li>Passo 3: Aplique o Cosmelan 2 Creme 48horas ap\u00f3s a retirada da m\u00e1scara Cosmelan 1.<br \/>\nAplique 1g de produto em todo o rosto, atrav\u00e9s de uma suave massagem. No 1\u00ba m\u00eas o objetivo \u00e9 continuar a a\u00e7\u00e3o despigmentante do Cosmelan 1 e regular intensamente a produ\u00e7\u00e3o de melanina, por isso deve aplicar-se o produto tr\u00eas vezes ao dia (de manh\u00e3, \u00e0 tarde e \u00e0 noite). No 2\u00ba e 3\u00ba m\u00eas o objetivo \u00e9 a regula\u00e7\u00e3o da hiperpigmenta\u00e7\u00e3o. Portanto, neste momento, \u00e9 importante atuar sobre a origem das manchas, controlando de forma constante a produ\u00e7\u00e3o de melanina. Nesta fase aplica-se o Cosmelan 2 duas vezes ao dia (manh\u00e3 e noite). No 4\u00ba m\u00eas at\u00e9 ao t\u00e9rmino do tratamento, o objetivo \u00e9 controlar o reaparecimento de novas manchas, prolongando-se o resultado do tratamento por muito tempo. Nesta fase aplica-se o Cosmelan 2 apenas \u00e0 noite.<\/li>\n<li>Passo 4: Ap\u00f3s a aplica\u00e7\u00e3o do Cosmelan 2, aplique o Melan Recovery B\u00e1lsamo.<br \/>\nEspalhe de forma a criar uma camada espessa sobre o rosto, sempre que aplicar o Cosmelan 2. Durante os primeiros tempos, tenha sempre consigo o Melan Recovery, para ir aplicando tamb\u00e9m ao longo do dia, sempre que sentir desconforto.<\/li>\n<li>Passo 5: Prote\u00e7\u00e3o solar!<br \/>\nAplique todas as manh\u00e3s uma ervilha de produto sobre a pele limpa e seca. Agite bem a embalagem antes de\u00a0usar.<\/li>\n<\/ul>\n<p><strong>Advert\u00eancias:<\/strong><\/p>\n<p>Uso Externo.<\/p>\n<p>Manter fora do alcance das crian\u00e7as.<\/p>\n<p>Conservar em lugar fresco e seco.<\/p>\n","protected":false},"excerpt":{"rendered":"<p>Pack elaborado pelos laborat\u00f3rios Mesoestetic, para facilitar o tratamento domiciliar despigmentante. Est\u00e1, por isso, particularmente indicado para pacientes que executaram o Cosmelan Pack Intensivo em gabinete.<\/p>\n","protected":false},"featured_media":8724,"comment_status":"open","ping_status":"closed","template":"","meta":{"content-type":""},"product_cat":[946,949,882,679,686,712],"product_tag":[],"yoast_head":"<!-- This site is optimized with the Yoast SEO plugin v21.7 - https:\/\/yoast.com\/wordpress\/plugins\/seo\/ -->\n<title>Home Pack Cosmelan Mesoestetic - Loja Online Michelle Bond | Lisboa<\/title>\n<meta name=\"description\" content=\"Mesoestetic Cosmelan Home Pack \u00e9 um pack elaborado pelos laborat\u00f3rios Mesoestetic, para facilitar o tratamento domiciliar despigmentante. Est\u00e1, por isso, particularmente indicado para pacientes que executaram o Cosmelan Pack Intensivo em gabinete.\" \/>\n<meta name=\"robots\" content=\"index, follow, max-snippet:-1, max-image-preview:large, max-video-preview:-1\" \/>\n<link rel=\"canonical\" href=\"https:\/\/clientes.space\/michele-bond\/website\/produto\/home-pack-cosmelan\/\" \/>\n<meta property=\"og:locale\" content=\"pt_PT\" \/>\n<meta property=\"og:type\" content=\"article\" \/>\n<meta property=\"og:title\" content=\"Home Pack Cosmelan Mesoestetic - Loja Online Michelle Bond | Lisboa\" \/>\n<meta property=\"og:description\" content=\"Mesoestetic Cosmelan Home Pack \u00e9 um pack elaborado pelos laborat\u00f3rios Mesoestetic, para facilitar o tratamento domiciliar despigmentante. Est\u00e1, por isso, particularmente indicado para pacientes que executaram o Cosmelan Pack Intensivo em gabinete.\" \/>\n<meta property=\"og:url\" content=\"https:\/\/clientes.space\/michele-bond\/website\/produto\/home-pack-cosmelan\/\" \/>\n<meta property=\"og:site_name\" content=\"Michelle Bond Clinic | Lisboa\" \/>\n<meta property=\"article:modified_time\" content=\"2023-09-18T15:06:54+00:00\" \/>\n<meta property=\"og:image\" content=\"https:\/\/clientes.space\/michele-bond\/website\/wp-content\/uploads\/2021\/02\/cosmelan-home-pack.png\" \/>\n\t<meta property=\"og:image:width\" content=\"800\" \/>\n\t<meta property=\"og:image:height\" content=\"800\" \/>\n\t<meta property=\"og:image:type\" content=\"image\/png\" \/>\n<meta name=\"twitter:card\" content=\"summary_large_image\" \/>\n<meta name=\"twitter:label1\" content=\"Tempo estimado de leitura\" \/>\n\t<meta name=\"twitter:data1\" content=\"5 minutos\" \/>\n<script type=\"application\/ld+json\" class=\"yoast-schema-graph\">{\"@context\":\"https:\/\/schema.org\",\"@graph\":[{\"@type\":\"WebPage\",\"@id\":\"https:\/\/clientes.space\/michele-bond\/website\/produto\/home-pack-cosmelan\/\",\"url\":\"https:\/\/clientes.space\/michele-bond\/website\/produto\/home-pack-cosmelan\/\",\"name\":\"Home Pack Cosmelan Mesoestetic - Loja Online Michelle Bond | Lisboa\",\"isPartOf\":{\"@id\":\"https:\/\/clientes.space\/michele-bond\/website\/#website\"},\"datePublished\":\"2021-02-01T12:13:57+00:00\",\"dateModified\":\"2023-09-18T15:06:54+00:00\",\"description\":\"Mesoestetic Cosmelan Home Pack \u00e9 um pack elaborado pelos laborat\u00f3rios Mesoestetic, para facilitar o tratamento domiciliar despigmentante. Est\u00e1, por isso, particularmente indicado para pacientes que executaram o Cosmelan Pack Intensivo em gabinete.\",\"breadcrumb\":{\"@id\":\"https:\/\/clientes.space\/michele-bond\/website\/produto\/home-pack-cosmelan\/#breadcrumb\"},\"inLanguage\":\"pt-PT\",\"potentialAction\":[{\"@type\":\"ReadAction\",\"target\":[\"https:\/\/clientes.space\/michele-bond\/website\/produto\/home-pack-cosmelan\/\"]}]},{\"@type\":\"BreadcrumbList\",\"@id\":\"https:\/\/clientes.space\/michele-bond\/website\/produto\/home-pack-cosmelan\/#breadcrumb\",\"itemListElement\":[{\"@type\":\"ListItem\",\"position\":1,\"name\":\"In\u00edcio\",\"item\":\"https:\/\/clientes.space\/michele-bond\/website\/\"},{\"@type\":\"ListItem\",\"position\":2,\"name\":\"Loja\",\"item\":\"https:\/\/clientes.space\/michele-bond\/website\/loja-todos\/\"},{\"@type\":\"ListItem\",\"position\":3,\"name\":\"Home Pack Cosmelan\"}]},{\"@type\":\"WebSite\",\"@id\":\"https:\/\/clientes.space\/michele-bond\/website\/#website\",\"url\":\"https:\/\/clientes.space\/michele-bond\/website\/\",\"name\":\"Michelle Bond - Holistic Health &amp; Beauty\",\"description\":\"Medicina Est\u00e9tica, Naturopatia, Nutri\u00e7\u00e3o e Fisioterapia\",\"potentialAction\":[{\"@type\":\"SearchAction\",\"target\":{\"@type\":\"EntryPoint\",\"urlTemplate\":\"https:\/\/clientes.space\/michele-bond\/website\/?s={search_term_string}\"},\"query-input\":\"required name=search_term_string\"}],\"inLanguage\":\"pt-PT\"}]}<\/script>\n<!-- \/ Yoast SEO plugin. -->","yoast_head_json":{"title":"Home Pack Cosmelan Mesoestetic - Loja Online Michelle Bond | Lisboa","description":"Mesoestetic Cosmelan Home Pack \u00e9 um pack elaborado pelos laborat\u00f3rios Mesoestetic, para facilitar o tratamento domiciliar despigmentante. Est\u00e1, por isso, particularmente indicado para pacientes que executaram o Cosmelan Pack Intensivo em gabinete.","robots":{"index":"index","follow":"follow","max-snippet":"max-snippet:-1","max-image-preview":"max-image-preview:large","max-video-preview":"max-video-preview:-1"},"canonical":"https:\/\/clientes.space\/michele-bond\/website\/produto\/home-pack-cosmelan\/","og_locale":"pt_PT","og_type":"article","og_title":"Home Pack Cosmelan Mesoestetic - Loja Online Michelle Bond | Lisboa","og_description":"Mesoestetic Cosmelan Home Pack \u00e9 um pack elaborado pelos laborat\u00f3rios Mesoestetic, para facilitar o tratamento domiciliar despigmentante. Est\u00e1, por isso, particularmente indicado para pacientes que executaram o Cosmelan Pack Intensivo em gabinete.","og_url":"https:\/\/clientes.space\/michele-bond\/website\/produto\/home-pack-cosmelan\/","og_site_name":"Michelle Bond Clinic | Lisboa","article_modified_time":"2023-09-18T15:06:54+00:00","og_image":[{"width":800,"height":800,"url":"https:\/\/clientes.space\/michele-bond\/website\/wp-content\/uploads\/2021\/02\/cosmelan-home-pack.png","type":"image\/png"}],"twitter_card":"summary_large_image","twitter_misc":{"Tempo estimado de leitura":"5 minutos"},"schema":{"@context":"https:\/\/schema.org","@graph":[{"@type":"WebPage","@id":"https:\/\/clientes.space\/michele-bond\/website\/produto\/home-pack-cosmelan\/","url":"https:\/\/clientes.space\/michele-bond\/website\/produto\/home-pack-cosmelan\/","name":"Home Pack Cosmelan Mesoestetic - Loja Online Michelle Bond | Lisboa","isPartOf":{"@id":"https:\/\/clientes.space\/michele-bond\/website\/#website"},"datePublished":"2021-02-01T12:13:57+00:00","dateModified":"2023-09-18T15:06:54+00:00","description":"Mesoestetic Cosmelan Home Pack \u00e9 um pack elaborado pelos laborat\u00f3rios Mesoestetic, para facilitar o tratamento domiciliar despigmentante. Est\u00e1, por isso, particularmente indicado para pacientes que executaram o Cosmelan Pack Intensivo em gabinete.","breadcrumb":{"@id":"https:\/\/clientes.space\/michele-bond\/website\/produto\/home-pack-cosmelan\/#breadcrumb"},"inLanguage":"pt-PT","potentialAction":[{"@type":"ReadAction","target":["https:\/\/clientes.space\/michele-bond\/website\/produto\/home-pack-cosmelan\/"]}]},{"@type":"BreadcrumbList","@id":"https:\/\/clientes.space\/michele-bond\/website\/produto\/home-pack-cosmelan\/#breadcrumb","itemListElement":[{"@type":"ListItem","position":1,"name":"In\u00edcio","item":"https:\/\/clientes.space\/michele-bond\/website\/"},{"@type":"ListItem","position":2,"name":"Loja","item":"https:\/\/clientes.space\/michele-bond\/website\/loja-todos\/"},{"@type":"ListItem","position":3,"name":"Home Pack Cosmelan"}]},{"@type":"WebSite","@id":"https:\/\/clientes.space\/michele-bond\/website\/#website","url":"https:\/\/clientes.space\/michele-bond\/website\/","name":"Michelle Bond - Holistic Health &amp; Beauty","description":"Medicina Est\u00e9tica, Naturopatia, Nutri\u00e7\u00e3o e Fisioterapia","potentialAction":[{"@type":"SearchAction","target":{"@type":"EntryPoint","urlTemplate":"https:\/\/clientes.space\/michele-bond\/website\/?s={search_term_string}"},"query-input":"required name=search_term_string"}],"inLanguage":"pt-PT"}]}},"_links":{"self":[{"href":"https:\/\/clientes.space\/michele-bond\/website\/wp-json\/wp\/v2\/product\/8719"}],"collection":[{"href":"https:\/\/clientes.space\/michele-bond\/website\/wp-json\/wp\/v2\/product"}],"about":[{"href":"https:\/\/clientes.space\/michele-bond\/website\/wp-json\/wp\/v2\/types\/product"}],"replies":[{"embeddable":true,"href":"https:\/\/clientes.space\/michele-bond\/website\/wp-json\/wp\/v2\/comments?post=8719"}],"wp:featuredmedia":[{"embeddable":true,"href":"https:\/\/clientes.space\/michele-bond\/website\/wp-json\/wp\/v2\/media\/8724"}],"wp:attachment":[{"href":"https:\/\/clientes.space\/michele-bond\/website\/wp-json\/wp\/v2\/media?parent=8719"}],"wp:term":[{"taxonomy":"product_cat","embeddable":true,"href":"https:\/\/clientes.space\/michele-bond\/website\/wp-json\/wp\/v2\/product_cat?post=8719"},{"taxonomy":"product_tag","embeddable":true,"href":"https:\/\/clientes.space\/michele-bond\/website\/wp-json\/wp\/v2\/product_tag?post=8719"}],"curies":[{"name":"wp","href":"https:\/\/api.w.org\/{rel}","templated":true}]}}