{"id":9937,"date":"2021-04-30T10:58:43","date_gmt":"2021-04-30T10:58:43","guid":{"rendered":"https:\/\/clientes.space\/michele-bond\/website\/?post_type=product&#038;p=9937"},"modified":"2023-01-17T11:06:37","modified_gmt":"2023-01-17T11:06:37","slug":"gengibre-e-limao-zero-xarope-500ml-fharmonat","status":"publish","type":"product","link":"https:\/\/clientes.space\/michele-bond\/website\/produto\/gengibre-e-limao-zero-xarope-500ml-fharmonat\/","title":{"rendered":"Gengibre e Lim\u00e3o Zero xarope \u2013 500ml \u2013 Fharmonat"},"content":{"rendered":"<p><strong>Purifique o seu organismo com o poder do Gengibre e do Lim\u00e3o<\/strong><\/p>\n<p>Indica\u00e7\u00f5es Terap\u00eauticas:<\/p>\n<ul>\n<li>Desintoxica o organismo<\/li>\n<li>Fornece mais energia ao longo do dia<\/li>\n<li>Ajuda a Eliminar Gorduras<\/li>\n<\/ul>\n<h4>Modo de tomar<\/h4>\n<p>Diluir 2 colheres de sopa numa garrafa de \u00e1gua de 750ml e beber ao longo da manh\u00e3, e diluir 2 colheres de sopa numa garrafa de \u00e1gua de 750ml e beber ao longo da tarde, de prefer\u00eancia fora das refei\u00e7\u00f5es.<\/p>\n<h4>Ingredientes<\/h4>\n<p><em>Betula alba<\/em>\u00a0(B\u00e9tula)<br \/>\n<em>Camellia sinensis<\/em>\u00a0(Ch\u00e1 Verde)<br \/>\n<em>Juniperus communis<\/em>\u00a0(Zimbro)<br \/>\n<em>Orthosiphon stamineus<\/em>\u00a0(Ch\u00e1 de Java)<br \/>\n<em>Solidago virgaurea<\/em>\u00a0(Vara de Ouro)<br \/>\n<em>Equisetum arvense<\/em>\u00a0(Cavalinha)<br \/>\n<em>Hieracium pilosela<\/em>\u00a0(Pilosela)<br \/>\n<em>Zingiber officinale<\/em>\u00a0(Gengibre)<br \/>\nPot\u00e1ssio<br \/>\n<em>Citrus limon<\/em>\u00a0(Lim\u00e3o)<br \/>\n<em>Malus domestica<\/em>\u00a0(Ma\u00e7\u00e3)<br \/>\nColina<br \/>\nMagn\u00e9sio<br \/>\nCr\u00f3mio<\/p>\n<p><strong>Apresenta\u00e7\u00e3o:<\/strong><br \/>\nEmbalagem de 500ml<\/p>\n","protected":false},"excerpt":{"rendered":"<p>Gengibre e Lim\u00e3o Zero \u00e9 uma f\u00f3rmula equilibrada que pode ajudar na perda de peso e no bom funcionamento do metabolismo devido aos seus componentes, o gengibre e o lim\u00e3o.\u00a0 O gengibre \u00e9 um termog\u00e9nico natural que ajuda a acelerar a queima de gordura e a diminuir o incha\u00e7o abdominal.\u00a0 O lim\u00e3o \u00e9 um antioxidante natural que ajuda a eliminar toxinas (gorduras) do organismo.<\/p>\n","protected":false},"featured_media":9938,"comment_status":"open","ping_status":"closed","template":"","meta":{"content-type":""},"product_cat":[861,863,829,864,958,678],"product_tag":[],"yoast_head":"<!-- This site is optimized with the Yoast SEO plugin v21.7 - https:\/\/yoast.com\/wordpress\/plugins\/seo\/ -->\n<title>Gengibre e Lim\u00e3o Zero xarope \u2013 500ml \u2013 Fharmonat | Compre Online | Loja Michelle Bond<\/title>\n<meta name=\"description\" content=\"Gengibre e Lim\u00e3o Zero da Fharmonat \u00e9 uma f\u00f3rmula equilibrada que pode ajudar na perda de peso e no bom funcionamento do metabolismo devido aos seus componentes, o gengibre e o lim\u00e3o.\u00a0 \u00a0\" \/>\n<meta name=\"robots\" content=\"index, follow, max-snippet:-1, max-image-preview:large, max-video-preview:-1\" \/>\n<link rel=\"canonical\" href=\"https:\/\/clientes.space\/michele-bond\/website\/produto\/gengibre-e-limao-zero-xarope-500ml-fharmonat\/\" \/>\n<meta property=\"og:locale\" content=\"pt_PT\" \/>\n<meta property=\"og:type\" content=\"article\" \/>\n<meta property=\"og:title\" content=\"Gengibre e Lim\u00e3o Zero xarope \u2013 500ml \u2013 Fharmonat | Compre Online | Loja Michelle Bond\" \/>\n<meta property=\"og:description\" content=\"Gengibre e Lim\u00e3o Zero da Fharmonat \u00e9 uma f\u00f3rmula equilibrada que pode ajudar na perda de peso e no bom funcionamento do metabolismo devido aos seus componentes, o gengibre e o lim\u00e3o.\u00a0 \u00a0\" \/>\n<meta property=\"og:url\" content=\"https:\/\/clientes.space\/michele-bond\/website\/produto\/gengibre-e-limao-zero-xarope-500ml-fharmonat\/\" \/>\n<meta property=\"og:site_name\" content=\"Michelle Bond Clinic | Lisboa\" \/>\n<meta property=\"article:modified_time\" content=\"2023-01-17T11:06:37+00:00\" \/>\n<meta property=\"og:image\" content=\"https:\/\/clientes.space\/michele-bond\/website\/wp-content\/uploads\/2021\/04\/gengibre-limao-zero-500ml.jpeg\" \/>\n\t<meta property=\"og:image:width\" content=\"600\" \/>\n\t<meta property=\"og:image:height\" content=\"600\" \/>\n\t<meta property=\"og:image:type\" content=\"image\/jpeg\" \/>\n<meta name=\"twitter:card\" content=\"summary_large_image\" \/>\n<meta name=\"twitter:label1\" content=\"Tempo estimado de leitura\" \/>\n\t<meta name=\"twitter:data1\" content=\"1 minuto\" \/>\n<script type=\"application\/ld+json\" class=\"yoast-schema-graph\">{\"@context\":\"https:\/\/schema.org\",\"@graph\":[{\"@type\":\"WebPage\",\"@id\":\"https:\/\/clientes.space\/michele-bond\/website\/produto\/gengibre-e-limao-zero-xarope-500ml-fharmonat\/\",\"url\":\"https:\/\/clientes.space\/michele-bond\/website\/produto\/gengibre-e-limao-zero-xarope-500ml-fharmonat\/\",\"name\":\"Gengibre e Lim\u00e3o Zero xarope \u2013 500ml \u2013 Fharmonat | Compre Online | Loja Michelle Bond\",\"isPartOf\":{\"@id\":\"https:\/\/clientes.space\/michele-bond\/website\/#website\"},\"datePublished\":\"2021-04-30T10:58:43+00:00\",\"dateModified\":\"2023-01-17T11:06:37+00:00\",\"description\":\"Gengibre e Lim\u00e3o Zero da Fharmonat \u00e9 uma f\u00f3rmula equilibrada que pode ajudar na perda de peso e no bom funcionamento do metabolismo devido aos seus componentes, o gengibre e o lim\u00e3o.\u00a0 \u00a0\",\"breadcrumb\":{\"@id\":\"https:\/\/clientes.space\/michele-bond\/website\/produto\/gengibre-e-limao-zero-xarope-500ml-fharmonat\/#breadcrumb\"},\"inLanguage\":\"pt-PT\",\"potentialAction\":[{\"@type\":\"ReadAction\",\"target\":[\"https:\/\/clientes.space\/michele-bond\/website\/produto\/gengibre-e-limao-zero-xarope-500ml-fharmonat\/\"]}]},{\"@type\":\"BreadcrumbList\",\"@id\":\"https:\/\/clientes.space\/michele-bond\/website\/produto\/gengibre-e-limao-zero-xarope-500ml-fharmonat\/#breadcrumb\",\"itemListElement\":[{\"@type\":\"ListItem\",\"position\":1,\"name\":\"In\u00edcio\",\"item\":\"https:\/\/clientes.space\/michele-bond\/website\/\"},{\"@type\":\"ListItem\",\"position\":2,\"name\":\"Loja\",\"item\":\"https:\/\/clientes.space\/michele-bond\/website\/loja-todos\/\"},{\"@type\":\"ListItem\",\"position\":3,\"name\":\"Gengibre e Lim\u00e3o Zero xarope \u2013 500ml \u2013 Fharmonat\"}]},{\"@type\":\"WebSite\",\"@id\":\"https:\/\/clientes.space\/michele-bond\/website\/#website\",\"url\":\"https:\/\/clientes.space\/michele-bond\/website\/\",\"name\":\"Michelle Bond - Holistic Health &amp; Beauty\",\"description\":\"Medicina Est\u00e9tica, Naturopatia, Nutri\u00e7\u00e3o e Fisioterapia\",\"potentialAction\":[{\"@type\":\"SearchAction\",\"target\":{\"@type\":\"EntryPoint\",\"urlTemplate\":\"https:\/\/clientes.space\/michele-bond\/website\/?s={search_term_string}\"},\"query-input\":\"required name=search_term_string\"}],\"inLanguage\":\"pt-PT\"}]}<\/script>\n<!-- \/ Yoast SEO plugin. -->","yoast_head_json":{"title":"Gengibre e Lim\u00e3o Zero xarope \u2013 500ml \u2013 Fharmonat | Compre Online | Loja Michelle Bond","description":"Gengibre e Lim\u00e3o Zero da Fharmonat \u00e9 uma f\u00f3rmula equilibrada que pode ajudar na perda de peso e no bom funcionamento do metabolismo devido aos seus componentes, o gengibre e o lim\u00e3o.\u00a0 \u00a0","robots":{"index":"index","follow":"follow","max-snippet":"max-snippet:-1","max-image-preview":"max-image-preview:large","max-video-preview":"max-video-preview:-1"},"canonical":"https:\/\/clientes.space\/michele-bond\/website\/produto\/gengibre-e-limao-zero-xarope-500ml-fharmonat\/","og_locale":"pt_PT","og_type":"article","og_title":"Gengibre e Lim\u00e3o Zero xarope \u2013 500ml \u2013 Fharmonat | Compre Online | Loja Michelle Bond","og_description":"Gengibre e Lim\u00e3o Zero da Fharmonat \u00e9 uma f\u00f3rmula equilibrada que pode ajudar na perda de peso e no bom funcionamento do metabolismo devido aos seus componentes, o gengibre e o lim\u00e3o.\u00a0 \u00a0","og_url":"https:\/\/clientes.space\/michele-bond\/website\/produto\/gengibre-e-limao-zero-xarope-500ml-fharmonat\/","og_site_name":"Michelle Bond Clinic | Lisboa","article_modified_time":"2023-01-17T11:06:37+00:00","og_image":[{"width":600,"height":600,"url":"https:\/\/clientes.space\/michele-bond\/website\/wp-content\/uploads\/2021\/04\/gengibre-limao-zero-500ml.jpeg","type":"image\/jpeg"}],"twitter_card":"summary_large_image","twitter_misc":{"Tempo estimado de leitura":"1 minuto"},"schema":{"@context":"https:\/\/schema.org","@graph":[{"@type":"WebPage","@id":"https:\/\/clientes.space\/michele-bond\/website\/produto\/gengibre-e-limao-zero-xarope-500ml-fharmonat\/","url":"https:\/\/clientes.space\/michele-bond\/website\/produto\/gengibre-e-limao-zero-xarope-500ml-fharmonat\/","name":"Gengibre e Lim\u00e3o Zero xarope \u2013 500ml \u2013 Fharmonat | Compre Online | Loja Michelle Bond","isPartOf":{"@id":"https:\/\/clientes.space\/michele-bond\/website\/#website"},"datePublished":"2021-04-30T10:58:43+00:00","dateModified":"2023-01-17T11:06:37+00:00","description":"Gengibre e Lim\u00e3o Zero da Fharmonat \u00e9 uma f\u00f3rmula equilibrada que pode ajudar na perda de peso e no bom funcionamento do metabolismo devido aos seus componentes, o gengibre e o lim\u00e3o.\u00a0 \u00a0","breadcrumb":{"@id":"https:\/\/clientes.space\/michele-bond\/website\/produto\/gengibre-e-limao-zero-xarope-500ml-fharmonat\/#breadcrumb"},"inLanguage":"pt-PT","potentialAction":[{"@type":"ReadAction","target":["https:\/\/clientes.space\/michele-bond\/website\/produto\/gengibre-e-limao-zero-xarope-500ml-fharmonat\/"]}]},{"@type":"BreadcrumbList","@id":"https:\/\/clientes.space\/michele-bond\/website\/produto\/gengibre-e-limao-zero-xarope-500ml-fharmonat\/#breadcrumb","itemListElement":[{"@type":"ListItem","position":1,"name":"In\u00edcio","item":"https:\/\/clientes.space\/michele-bond\/website\/"},{"@type":"ListItem","position":2,"name":"Loja","item":"https:\/\/clientes.space\/michele-bond\/website\/loja-todos\/"},{"@type":"ListItem","position":3,"name":"Gengibre e Lim\u00e3o Zero xarope \u2013 500ml \u2013 Fharmonat"}]},{"@type":"WebSite","@id":"https:\/\/clientes.space\/michele-bond\/website\/#website","url":"https:\/\/clientes.space\/michele-bond\/website\/","name":"Michelle Bond - Holistic Health &amp; Beauty","description":"Medicina Est\u00e9tica, Naturopatia, Nutri\u00e7\u00e3o e Fisioterapia","potentialAction":[{"@type":"SearchAction","target":{"@type":"EntryPoint","urlTemplate":"https:\/\/clientes.space\/michele-bond\/website\/?s={search_term_string}"},"query-input":"required name=search_term_string"}],"inLanguage":"pt-PT"}]}},"_links":{"self":[{"href":"https:\/\/clientes.space\/michele-bond\/website\/wp-json\/wp\/v2\/product\/9937"}],"collection":[{"href":"https:\/\/clientes.space\/michele-bond\/website\/wp-json\/wp\/v2\/product"}],"about":[{"href":"https:\/\/clientes.space\/michele-bond\/website\/wp-json\/wp\/v2\/types\/product"}],"replies":[{"embeddable":true,"href":"https:\/\/clientes.space\/michele-bond\/website\/wp-json\/wp\/v2\/comments?post=9937"}],"wp:featuredmedia":[{"embeddable":true,"href":"https:\/\/clientes.space\/michele-bond\/website\/wp-json\/wp\/v2\/media\/9938"}],"wp:attachment":[{"href":"https:\/\/clientes.space\/michele-bond\/website\/wp-json\/wp\/v2\/media?parent=9937"}],"wp:term":[{"taxonomy":"product_cat","embeddable":true,"href":"https:\/\/clientes.space\/michele-bond\/website\/wp-json\/wp\/v2\/product_cat?post=9937"},{"taxonomy":"product_tag","embeddable":true,"href":"https:\/\/clientes.space\/michele-bond\/website\/wp-json\/wp\/v2\/product_tag?post=9937"}],"curies":[{"name":"wp","href":"https:\/\/api.w.org\/{rel}","templated":true}]}}