{"id":9939,"date":"2021-04-30T12:08:15","date_gmt":"2021-04-30T12:08:15","guid":{"rendered":"https:\/\/clientes.space\/michele-bond\/website\/?post_type=product&#038;p=9939"},"modified":"2022-07-24T12:01:25","modified_gmt":"2022-07-24T12:01:25","slug":"cardo-mariano-8500-mg-90-capsulas-lamberts","status":"publish","type":"product","link":"https:\/\/clientes.space\/michele-bond\/website\/produto\/cardo-mariano-8500-mg-90-capsulas-lamberts\/","title":{"rendered":"Cardo Mariano 8500 mg 90 c\u00e1psulas &#8211; Lamberts"},"content":{"rendered":"<p><strong>Suplemento natural ideal para protec\u00e7\u00e3o e regenera\u00e7\u00e3o hep\u00e1tica<\/p>\n<p>Indica\u00e7\u00f5es Terap\u00eauticas:<\/strong><\/p>\n<ul>\n<li>Protec\u00e7\u00e3o e regenera\u00e7\u00e3o hep\u00e1tica<\/li>\n<li>Antioxidantes e efeito anti-inflamat\u00f3rios no f\u00edgado<\/li>\n<li>Resist\u00eancia \u00e0 insulina em pessoas com diabetes do tipo II<\/li>\n<li>Propriedades anticancer\u00edgenas<\/li>\n<\/ul>\n<div class=\"cont\">\n<h4>INGREDIENTES<\/h4>\n<div class=\"textos\">Cardo Mariano (como 286g de um extracto 30:1) (8580mg), aporte de Silimarina (200mg).<\/div>\n<\/div>\n<div class=\"cont\">\n<h4>CONSELHOS DE UTILIZA\u00c7\u00c3O<\/h4>\n<div class=\"textos\">Tomar um comprimido por dia junto \u00e0 uma refei\u00e7\u00e3o.<\/p>\n<p><strong>ADVERT\u00caNCIAS<\/strong><br \/>\nMantenha fora do alcance das crian\u00e7as;<br \/>\nN\u00e3o exceder a quantidade di\u00e1ria recomendada;<br \/>\nEste produto n\u00e3o substitui uma alimenta\u00e7\u00e3o equilibrada;<br \/>\nEste produto n\u00e3o pretende diagnosticar, tratar, curar ou prevenir nenhuma doen\u00e7a;<br \/>\nN\u00e3o recomendado para crian\u00e7as, mulheres gr\u00e1vidas ou lactantes.<\/div>\n<\/div>\n<p><strong>Apresenta\u00e7\u00e3o:<\/strong><br \/>\nFrasco com 90 comprimidos.<\/p>\n","protected":false},"excerpt":{"rendered":"<p>Cardo Mariano \u00e9 \u00fatil o tratamento de suporte de doen\u00e7as inflamat\u00f3rias do f\u00edgado e cirrose hep\u00e1tica.<\/p>\n<p>O Cardo Mariano \u00e9 uma planta cujas sementes possuem um princ\u00edpio ativo denominado Silimarina. A Silimarina \u00e9 um flavonolinhano, cuja principal fun\u00e7\u00e3o \u00e9 a regula\u00e7\u00e3o hepatobiliar. Exerce uma a\u00e7\u00e3o direta sobre o par\u00eanquima hep\u00e1tico em caso de intoxica\u00e7\u00e3o e aumenta a produ\u00e7\u00e3o de glutati\u00e3o. Assim, o Cardo Mariano \u00e9 \u00fatil no tratamento de suporte de doen\u00e7as inflamat\u00f3rias do f\u00edgado e cirrose hep\u00e1tica e tamb\u00e9m, como hepatoprotetor para neutralizar os efeitos de subst\u00e2ncias hepatot\u00f3xicas.<\/p>\n","protected":false},"featured_media":9940,"comment_status":"open","ping_status":"closed","template":"","meta":{"content-type":""},"product_cat":[862,865,1033,678],"product_tag":[],"yoast_head":"<!-- This site is optimized with the Yoast SEO plugin v21.7 - https:\/\/yoast.com\/wordpress\/plugins\/seo\/ -->\n<title>Cardo Mariano 8500 mg 90 c\u00e1psulas - Lamberts | Compre Online | Loja Michelle Bond<\/title>\n<meta name=\"description\" content=\"Cardo Mariano da Lamberts \u00e9 \u00fatil o tratamento de suporte de doen\u00e7as inflamat\u00f3rias do f\u00edgado e cirrose hep\u00e1tica. O Cardo Mariano \u00e9 uma planta cujas sementes possuem um princ\u00edpio ativo denominado Silimarina.\" \/>\n<meta name=\"robots\" content=\"index, follow, max-snippet:-1, max-image-preview:large, max-video-preview:-1\" \/>\n<link rel=\"canonical\" href=\"https:\/\/clientes.space\/michele-bond\/website\/produto\/cardo-mariano-8500-mg-90-capsulas-lamberts\/\" \/>\n<meta property=\"og:locale\" content=\"pt_PT\" \/>\n<meta property=\"og:type\" content=\"article\" \/>\n<meta property=\"og:title\" content=\"Cardo Mariano 8500 mg 90 c\u00e1psulas - Lamberts | Compre Online | Loja Michelle Bond\" \/>\n<meta property=\"og:description\" content=\"Cardo Mariano da Lamberts \u00e9 \u00fatil o tratamento de suporte de doen\u00e7as inflamat\u00f3rias do f\u00edgado e cirrose hep\u00e1tica. O Cardo Mariano \u00e9 uma planta cujas sementes possuem um princ\u00edpio ativo denominado Silimarina.\" \/>\n<meta property=\"og:url\" content=\"https:\/\/clientes.space\/michele-bond\/website\/produto\/cardo-mariano-8500-mg-90-capsulas-lamberts\/\" \/>\n<meta property=\"og:site_name\" content=\"Michelle Bond Clinic | Lisboa\" \/>\n<meta property=\"article:modified_time\" content=\"2022-07-24T12:01:25+00:00\" \/>\n<meta property=\"og:image\" content=\"https:\/\/clientes.space\/michele-bond\/website\/wp-content\/uploads\/2021\/04\/cardo-mariano-8500mg-lamberts.jpeg\" \/>\n\t<meta property=\"og:image:width\" content=\"1000\" \/>\n\t<meta property=\"og:image:height\" content=\"1000\" \/>\n\t<meta property=\"og:image:type\" content=\"image\/jpeg\" \/>\n<meta name=\"twitter:card\" content=\"summary_large_image\" \/>\n<meta name=\"twitter:label1\" content=\"Tempo estimado de leitura\" \/>\n\t<meta name=\"twitter:data1\" content=\"1 minuto\" \/>\n<script type=\"application\/ld+json\" class=\"yoast-schema-graph\">{\"@context\":\"https:\/\/schema.org\",\"@graph\":[{\"@type\":\"WebPage\",\"@id\":\"https:\/\/clientes.space\/michele-bond\/website\/produto\/cardo-mariano-8500-mg-90-capsulas-lamberts\/\",\"url\":\"https:\/\/clientes.space\/michele-bond\/website\/produto\/cardo-mariano-8500-mg-90-capsulas-lamberts\/\",\"name\":\"Cardo Mariano 8500 mg 90 c\u00e1psulas - Lamberts | Compre Online | Loja Michelle Bond\",\"isPartOf\":{\"@id\":\"https:\/\/clientes.space\/michele-bond\/website\/#website\"},\"datePublished\":\"2021-04-30T12:08:15+00:00\",\"dateModified\":\"2022-07-24T12:01:25+00:00\",\"description\":\"Cardo Mariano da Lamberts \u00e9 \u00fatil o tratamento de suporte de doen\u00e7as inflamat\u00f3rias do f\u00edgado e cirrose hep\u00e1tica. O Cardo Mariano \u00e9 uma planta cujas sementes possuem um princ\u00edpio ativo denominado Silimarina.\",\"breadcrumb\":{\"@id\":\"https:\/\/clientes.space\/michele-bond\/website\/produto\/cardo-mariano-8500-mg-90-capsulas-lamberts\/#breadcrumb\"},\"inLanguage\":\"pt-PT\",\"potentialAction\":[{\"@type\":\"ReadAction\",\"target\":[\"https:\/\/clientes.space\/michele-bond\/website\/produto\/cardo-mariano-8500-mg-90-capsulas-lamberts\/\"]}]},{\"@type\":\"BreadcrumbList\",\"@id\":\"https:\/\/clientes.space\/michele-bond\/website\/produto\/cardo-mariano-8500-mg-90-capsulas-lamberts\/#breadcrumb\",\"itemListElement\":[{\"@type\":\"ListItem\",\"position\":1,\"name\":\"In\u00edcio\",\"item\":\"https:\/\/clientes.space\/michele-bond\/website\/\"},{\"@type\":\"ListItem\",\"position\":2,\"name\":\"Loja\",\"item\":\"https:\/\/clientes.space\/michele-bond\/website\/loja-todos\/\"},{\"@type\":\"ListItem\",\"position\":3,\"name\":\"Cardo Mariano 8500 mg 90 c\u00e1psulas &#8211; Lamberts\"}]},{\"@type\":\"WebSite\",\"@id\":\"https:\/\/clientes.space\/michele-bond\/website\/#website\",\"url\":\"https:\/\/clientes.space\/michele-bond\/website\/\",\"name\":\"Michelle Bond - Holistic Health &amp; Beauty\",\"description\":\"Medicina Est\u00e9tica, Naturopatia, Nutri\u00e7\u00e3o e Fisioterapia\",\"potentialAction\":[{\"@type\":\"SearchAction\",\"target\":{\"@type\":\"EntryPoint\",\"urlTemplate\":\"https:\/\/clientes.space\/michele-bond\/website\/?s={search_term_string}\"},\"query-input\":\"required name=search_term_string\"}],\"inLanguage\":\"pt-PT\"}]}<\/script>\n<!-- \/ Yoast SEO plugin. -->","yoast_head_json":{"title":"Cardo Mariano 8500 mg 90 c\u00e1psulas - Lamberts | Compre Online | Loja Michelle Bond","description":"Cardo Mariano da Lamberts \u00e9 \u00fatil o tratamento de suporte de doen\u00e7as inflamat\u00f3rias do f\u00edgado e cirrose hep\u00e1tica. O Cardo Mariano \u00e9 uma planta cujas sementes possuem um princ\u00edpio ativo denominado Silimarina.","robots":{"index":"index","follow":"follow","max-snippet":"max-snippet:-1","max-image-preview":"max-image-preview:large","max-video-preview":"max-video-preview:-1"},"canonical":"https:\/\/clientes.space\/michele-bond\/website\/produto\/cardo-mariano-8500-mg-90-capsulas-lamberts\/","og_locale":"pt_PT","og_type":"article","og_title":"Cardo Mariano 8500 mg 90 c\u00e1psulas - Lamberts | Compre Online | Loja Michelle Bond","og_description":"Cardo Mariano da Lamberts \u00e9 \u00fatil o tratamento de suporte de doen\u00e7as inflamat\u00f3rias do f\u00edgado e cirrose hep\u00e1tica. O Cardo Mariano \u00e9 uma planta cujas sementes possuem um princ\u00edpio ativo denominado Silimarina.","og_url":"https:\/\/clientes.space\/michele-bond\/website\/produto\/cardo-mariano-8500-mg-90-capsulas-lamberts\/","og_site_name":"Michelle Bond Clinic | Lisboa","article_modified_time":"2022-07-24T12:01:25+00:00","og_image":[{"width":1000,"height":1000,"url":"https:\/\/clientes.space\/michele-bond\/website\/wp-content\/uploads\/2021\/04\/cardo-mariano-8500mg-lamberts.jpeg","type":"image\/jpeg"}],"twitter_card":"summary_large_image","twitter_misc":{"Tempo estimado de leitura":"1 minuto"},"schema":{"@context":"https:\/\/schema.org","@graph":[{"@type":"WebPage","@id":"https:\/\/clientes.space\/michele-bond\/website\/produto\/cardo-mariano-8500-mg-90-capsulas-lamberts\/","url":"https:\/\/clientes.space\/michele-bond\/website\/produto\/cardo-mariano-8500-mg-90-capsulas-lamberts\/","name":"Cardo Mariano 8500 mg 90 c\u00e1psulas - Lamberts | Compre Online | Loja Michelle Bond","isPartOf":{"@id":"https:\/\/clientes.space\/michele-bond\/website\/#website"},"datePublished":"2021-04-30T12:08:15+00:00","dateModified":"2022-07-24T12:01:25+00:00","description":"Cardo Mariano da Lamberts \u00e9 \u00fatil o tratamento de suporte de doen\u00e7as inflamat\u00f3rias do f\u00edgado e cirrose hep\u00e1tica. O Cardo Mariano \u00e9 uma planta cujas sementes possuem um princ\u00edpio ativo denominado Silimarina.","breadcrumb":{"@id":"https:\/\/clientes.space\/michele-bond\/website\/produto\/cardo-mariano-8500-mg-90-capsulas-lamberts\/#breadcrumb"},"inLanguage":"pt-PT","potentialAction":[{"@type":"ReadAction","target":["https:\/\/clientes.space\/michele-bond\/website\/produto\/cardo-mariano-8500-mg-90-capsulas-lamberts\/"]}]},{"@type":"BreadcrumbList","@id":"https:\/\/clientes.space\/michele-bond\/website\/produto\/cardo-mariano-8500-mg-90-capsulas-lamberts\/#breadcrumb","itemListElement":[{"@type":"ListItem","position":1,"name":"In\u00edcio","item":"https:\/\/clientes.space\/michele-bond\/website\/"},{"@type":"ListItem","position":2,"name":"Loja","item":"https:\/\/clientes.space\/michele-bond\/website\/loja-todos\/"},{"@type":"ListItem","position":3,"name":"Cardo Mariano 8500 mg 90 c\u00e1psulas &#8211; Lamberts"}]},{"@type":"WebSite","@id":"https:\/\/clientes.space\/michele-bond\/website\/#website","url":"https:\/\/clientes.space\/michele-bond\/website\/","name":"Michelle Bond - Holistic Health &amp; Beauty","description":"Medicina Est\u00e9tica, Naturopatia, Nutri\u00e7\u00e3o e Fisioterapia","potentialAction":[{"@type":"SearchAction","target":{"@type":"EntryPoint","urlTemplate":"https:\/\/clientes.space\/michele-bond\/website\/?s={search_term_string}"},"query-input":"required name=search_term_string"}],"inLanguage":"pt-PT"}]}},"_links":{"self":[{"href":"https:\/\/clientes.space\/michele-bond\/website\/wp-json\/wp\/v2\/product\/9939"}],"collection":[{"href":"https:\/\/clientes.space\/michele-bond\/website\/wp-json\/wp\/v2\/product"}],"about":[{"href":"https:\/\/clientes.space\/michele-bond\/website\/wp-json\/wp\/v2\/types\/product"}],"replies":[{"embeddable":true,"href":"https:\/\/clientes.space\/michele-bond\/website\/wp-json\/wp\/v2\/comments?post=9939"}],"wp:featuredmedia":[{"embeddable":true,"href":"https:\/\/clientes.space\/michele-bond\/website\/wp-json\/wp\/v2\/media\/9940"}],"wp:attachment":[{"href":"https:\/\/clientes.space\/michele-bond\/website\/wp-json\/wp\/v2\/media?parent=9939"}],"wp:term":[{"taxonomy":"product_cat","embeddable":true,"href":"https:\/\/clientes.space\/michele-bond\/website\/wp-json\/wp\/v2\/product_cat?post=9939"},{"taxonomy":"product_tag","embeddable":true,"href":"https:\/\/clientes.space\/michele-bond\/website\/wp-json\/wp\/v2\/product_tag?post=9939"}],"curies":[{"name":"wp","href":"https:\/\/api.w.org\/{rel}","templated":true}]}}